{"id":13699,"date":"2019-01-22T14:27:16","date_gmt":"2019-01-22T13:27:16","guid":{"rendered":"http:\/\/dev.g-fittings.com\/?page_id=13699"},"modified":"2020-09-10T13:58:37","modified_gmt":"2020-09-10T11:58:37","slug":"catalogues-et-brochures","status":"publish","type":"page","link":"https:\/\/co.g-fittings.shop\/fr\/telechargements\/catalogues-et-brochures\/","title":{"rendered":"Catalogues et brochures"},"content":{"rendered":"<p><div class=\"fusion-fullwidth fullwidth-box fusion-builder-row-1 nonhundred-percent-fullwidth non-hundred-percent-height-scrolling\" style=\"--awb-border-radius-top-left:0px;--awb-border-radius-top-right:0px;--awb-border-radius-bottom-right:0px;--awb-border-radius-bottom-left:0px;--awb-padding-top:55px;--awb-flex-wrap:wrap;\" ><div class=\"fusion-builder-row fusion-row\"><div class=\"fusion-layout-column fusion_builder_column fusion-builder-column-0 fusion_builder_column_1_1 1_1 fusion-one-full fusion-column-first fusion-column-last\" style=\"--awb-bg-size:cover;\"><div class=\"fusion-column-wrapper fusion-flex-column-wrapper-legacy\"><div class=\"fusion-title title fusion-title-1 fusion-title-text fusion-title-size-two\"><h2 class=\"fusion-title-heading title-heading-left fusion-responsive-typography-calculated\" style=\"margin:0;--fontSize:24;--minFontSize:24;line-height:1.5;\">Catalogues et brochures<\/h2><span class=\"awb-title-spacer\"><\/span><div class=\"title-sep-container\"><div class=\"title-sep sep- sep-solid\" style=\"border-color:#e0dede;\"><\/div><\/div><\/div><div class=\"fusion-text fusion-text-1\"><p>Puisez ici de nouvelles id\u00e9es pour vos projets int\u00e9grant des Syst\u00e8mes de quincaillerie, syst\u00e8mes de meubles, repose-pieds et produits pr\u00e9assembl\u00e9s. T\u00e9l\u00e9chargez les derniers catalogues et brochures G-FITTINGS. D\u00e9couvrez les syst\u00e8mes modulaires, les produits individuels et les solutions de ferrures pratiques.<\/p>\n<\/div><div class=\"fusion-clearfix\"><\/div><\/div><\/div><\/div><\/div><div class=\"fusion-fullwidth fullwidth-box fusion-builder-row-2 nonhundred-percent-fullwidth non-hundred-percent-height-scrolling\" style=\"--awb-border-radius-top-left:0px;--awb-border-radius-top-right:0px;--awb-border-radius-bottom-right:0px;--awb-border-radius-bottom-left:0px;--awb-padding-top:10px;--awb-flex-wrap:wrap;\" ><div class=\"fusion-builder-row fusion-row\"><div class=\"fusion-layout-column fusion_builder_column fusion-builder-column-1 fusion_builder_column_1_1 1_1 fusion-one-full fusion-column-first fusion-column-last\" style=\"--awb-bg-size:cover;\"><div class=\"fusion-column-wrapper fusion-flex-column-wrapper-legacy\"><div class=\"fusion-content-boxes content-boxes columns row fusion-columns-1 fusion-columns-total-4 fusion-content-boxes-1 content-boxes-icon-on-side content-left\" style=\"--awb-hover-accent-color:#e10707;--awb-circle-hover-accent-color:transparent;--awb-item-margin-bottom:40px;\" data-animationOffset=\"top-into-view\"><div style=\"--awb-backgroundcolor:#f2f2f2;--awb-content-padding-left:200px;\" class=\"fusion-column content-box-column content-box-column content-box-column-1 col-lg-12 col-md-12 col-sm-12 fusion-content-box-hover content-box-column-last-in-row\"><div class=\"col content-box-wrapper content-wrapper-background link-area-box icon-hover-animation-slide\" data-animationOffset=\"top-into-view\"><div class=\"heading heading-with-icon icon-left\"><div aria-hidden=\"true\" class=\"image\"><img decoding=\"async\" src=\"https:\/\/co.g-fittings.shop\/wp-content\/uploads\/2020\/04\/cover-fr.png\" width=\"180\" height=\"180\" alt=\"\" \/><\/div><h3 class=\"content-box-heading fusion-responsive-typography-calculated\" style=\"--h3_typography-font-size:18px;--fontSize:18;line-height:1.41;padding-left:200px;\">Catalogue des produits 2020\/2021| FR<\/h3><\/div><div class=\"fusion-clearfix\"><\/div><div class=\"content-container\">\n<p>Obtenez un aper\u00e7u du monde diversifi\u00e9 des produits de G-FITTINGS et d\u00e9couvrez les diff\u00e9rentes surfaces de nos produits.<\/p>\n<div class=\"fusion-button-wrapper\"><a class=\"fusion-button button-flat fusion-button-default-size button-default fusion-button-default button-1 fusion-button-default-span fusion-button-default-type\" target=\"_self\" href=\"https:\/\/files.g-fittings.com\/katalog-2020-2021-fr.pdf\"><span class=\"fusion-button-text\">T\u00e9l\u00e9charger .pdf<\/span><\/a><\/div> <div class=\"fusion-button-wrapper\"><a class=\"fusion-button button-flat fusion-button-default-size button-default fusion-button-default button-2 fusion-button-default-span fusion-button-default-type sg-popup-id-14166\" target=\"_self\" href=\"#\"><span class=\"fusion-button-text\"><span class=\"tlid-translation translation\"><span class=\"\" title=\"\">Voir en ligne<\/span><\/span><\/span><\/a><\/div>\n<\/div><\/div><\/div><div style=\"--awb-backgroundcolor:#f2f2f2;--awb-content-padding-left:200px;\" class=\"fusion-column content-box-column content-box-column content-box-column-2 col-lg-12 col-md-12 col-sm-12 fusion-content-box-hover content-box-column-last-in-row\"><div class=\"col content-box-wrapper content-wrapper-background link-area-box icon-hover-animation-slide\" data-animationOffset=\"top-into-view\"><div class=\"heading heading-with-icon icon-left\"><div aria-hidden=\"true\" class=\"image\"><img decoding=\"async\" src=\"https:\/\/co.g-fittings.shop\/wp-content\/uploads\/2020\/04\/cover-price.png\" width=\"180\" height=\"180\" alt=\"\" \/><\/div><h3 class=\"content-box-heading fusion-responsive-typography-calculated\" style=\"--h3_typography-font-size:18px;--fontSize:18;line-height:1.41;padding-left:200px;\">Liste de prix 2020\/2021<\/h3><\/div><div class=\"fusion-clearfix\"><\/div><div class=\"content-container\">\n<p>Dans notre liste de prix, vous trouverez l\u2019article no. trie le prix correspondant \u00e0 votre article.<\/p>\n<div class=\"fusion-button-wrapper\"><a class=\"fusion-button button-flat fusion-button-default-size button-default fusion-button-default button-3 fusion-button-default-span fusion-button-default-type\" target=\"_self\" href=\"https:\/\/files.g-fittings.com\/preisliste-2020-2021.pdf\"><span class=\"fusion-button-text\">T\u00e9l\u00e9charger .pdf<\/span><\/a><\/div> <div class=\"fusion-button-wrapper\"><a class=\"fusion-button button-flat fusion-button-default-size button-default fusion-button-default button-4 fusion-button-default-span fusion-button-default-type\" target=\"_self\" href=\"https:\/\/files.g-fittings.com\/preisliste-2020-2021.xlsx\"><span class=\"fusion-button-text\">T\u00e9l\u00e9charger .xls<\/span><\/a><\/div>\n<\/div><\/div><\/div><div style=\"--awb-backgroundcolor:#f2f2f2;--awb-content-padding-left:200px;\" class=\"fusion-column content-box-column content-box-column content-box-column-3 col-lg-12 col-md-12 col-sm-12 fusion-content-box-hover content-box-column-last-in-row\"><div class=\"col content-box-wrapper content-wrapper-background link-area-box icon-hover-animation-slide\" data-animationOffset=\"top-into-view\"><div class=\"heading heading-with-icon icon-left\"><div aria-hidden=\"true\" class=\"image\"><img decoding=\"async\" src=\"https:\/\/co.g-fittings.shop\/wp-content\/uploads\/2019\/09\/image-broschuere-cover-en.png\" width=\"180\" height=\"180\" alt=\"\" \/><\/div><h3 class=\"content-box-heading fusion-responsive-typography-calculated\" style=\"--h3_typography-font-size:18px;--fontSize:18;line-height:1.41;padding-left:200px;\">Brochure image | FR<\/h3><\/div><div class=\"fusion-clearfix\"><\/div><div class=\"content-container\">\n<p>Notre brochure image vous donne un aper\u00e7u de notre travail et d\u00e9montre l\u2019expertise et les services de G-FITTINGS GmbH \u00e0 nos partenaires et clients.<\/p>\n<div class=\"fusion-button-wrapper\"><a class=\"fusion-button button-flat fusion-button-default-size button-default fusion-button-default button-5 fusion-button-default-span fusion-button-default-type\" target=\"_self\" href=\"https:\/\/files.g-fittings.com\/image-broschuere-2019-en.pdf\"><span class=\"fusion-button-text\">T\u00e9l\u00e9charger .pdf<\/span><\/a><\/div>\n<\/div><\/div><\/div><div style=\"--awb-backgroundcolor:#f2f2f2;--awb-content-padding-left:200px;\" class=\"fusion-column content-box-column content-box-column content-box-column-4 col-lg-12 col-md-12 col-sm-12 fusion-content-box-hover content-box-column-last content-box-column-last-in-row\"><div class=\"col content-box-wrapper content-wrapper-background link-area-box icon-hover-animation-slide\" data-animationOffset=\"top-into-view\"><div class=\"heading heading-with-icon icon-left\"><div aria-hidden=\"true\" class=\"image\"><img decoding=\"async\" src=\"https:\/\/co.g-fittings.shop\/wp-content\/uploads\/2020\/09\/pinces-a-verre-fr.png\" width=\"180\" height=\"180\" alt=\"\" \/><\/div><h3 class=\"content-box-heading fusion-responsive-typography-calculated\" style=\"--h3_typography-font-size:18px;--fontSize:18;line-height:1.41;padding-left:200px;\">Certifications<\/h3><\/div><div class=\"fusion-clearfix\"><\/div><div class=\"content-container\">\n<p>La qualit\u00e9 et la s\u00e9curit\u00e9 sont au centre des pr\u00e9occupations de G-FITTINGS. Sur la base de la norme DIN \/ EN-12600, nos pinces de verre ont re\u00e7u une approbation g\u00e9n\u00e9rale de l\u2019autorit\u00e9 du b\u00e2timent (AbZ) de la part du DIBt.<\/p>\n<div class=\"fusion-button-wrapper\"><a class=\"fusion-button button-flat fusion-button-default-size button-default fusion-button-default button-6 fusion-button-default-span fusion-button-default-type\" target=\"_self\" href=\"https:\/\/files.g-fittings.com\/pinces-a-verre-fr.pdf\"><span class=\"fusion-button-text\">T\u00e9l\u00e9charger .pdf<\/span><\/a><\/div>\n<\/div><\/div><\/div><div class=\"fusion-clearfix\"><\/div><\/div><div class=\"fusion-clearfix\"><\/div><\/div><\/div><\/div><\/div><\/p>\n","protected":false},"excerpt":{"rendered":"","protected":false},"author":1,"featured_media":0,"parent":13284,"menu_order":0,"comment_status":"closed","ping_status":"closed","template":"","meta":{"footnotes":""},"class_list":["post-13699","page","type-page","status-publish","hentry"],"_links":{"self":[{"href":"https:\/\/co.g-fittings.shop\/fr\/wp-json\/wp\/v2\/pages\/13699","targetHints":{"allow":["GET"]}}],"collection":[{"href":"https:\/\/co.g-fittings.shop\/fr\/wp-json\/wp\/v2\/pages"}],"about":[{"href":"https:\/\/co.g-fittings.shop\/fr\/wp-json\/wp\/v2\/types\/page"}],"author":[{"embeddable":true,"href":"https:\/\/co.g-fittings.shop\/fr\/wp-json\/wp\/v2\/users\/1"}],"replies":[{"embeddable":true,"href":"https:\/\/co.g-fittings.shop\/fr\/wp-json\/wp\/v2\/comments?post=13699"}],"version-history":[{"count":6,"href":"https:\/\/co.g-fittings.shop\/fr\/wp-json\/wp\/v2\/pages\/13699\/revisions"}],"predecessor-version":[{"id":19094,"href":"https:\/\/co.g-fittings.shop\/fr\/wp-json\/wp\/v2\/pages\/13699\/revisions\/19094"}],"up":[{"embeddable":true,"href":"https:\/\/co.g-fittings.shop\/fr\/wp-json\/wp\/v2\/pages\/13284"}],"wp:attachment":[{"href":"https:\/\/co.g-fittings.shop\/fr\/wp-json\/wp\/v2\/media?parent=13699"}],"curies":[{"name":"wp","href":"https:\/\/api.w.org\/{rel}","templated":true}]}}