{"id":13588,"date":"2019-01-22T12:47:59","date_gmt":"2019-01-22T11:47:59","guid":{"rendered":"http:\/\/dev.g-fittings.com\/?page_id=13588"},"modified":"2019-01-22T12:48:14","modified_gmt":"2019-01-22T11:48:14","slug":"contact","status":"publish","type":"page","link":"https:\/\/co.g-fittings.shop\/fr\/contact\/","title":{"rendered":"Contact"},"content":{"rendered":"<p><div class=\"fusion-fullwidth fullwidth-box fusion-builder-row-1 hundred-percent-fullwidth non-hundred-percent-height-scrolling\" style=\"--awb-border-radius-top-left:0px;--awb-border-radius-top-right:0px;--awb-border-radius-bottom-right:0px;--awb-border-radius-bottom-left:0px;--awb-padding-top:0px;--awb-padding-right:0px;--awb-padding-bottom:0px;--awb-padding-left:0px;--awb-margin-top:0px;--awb-margin-bottom:40px;--awb-flex-wrap:wrap;\" ><div class=\"fusion-builder-row fusion-row\"><div class=\"fusion-layout-column fusion_builder_column fusion-builder-column-0 fusion_builder_column_1_1 1_1 fusion-one-full fusion-column-first fusion-column-last\" style=\"--awb-bg-size:cover;\"><div class=\"fusion-column-wrapper fusion-flex-column-wrapper-legacy\"><div class=\"fusion-text fusion-text-1\"><p>[wpgmza id=\u00a0\u00bb2&Prime;]<\/p>\n<\/div><div class=\"fusion-clearfix\"><\/div><\/div><\/div><\/div><\/div><div class=\"fusion-fullwidth fullwidth-box fusion-builder-row-2 nonhundred-percent-fullwidth non-hundred-percent-height-scrolling\" style=\"--awb-border-radius-top-left:0px;--awb-border-radius-top-right:0px;--awb-border-radius-bottom-right:0px;--awb-border-radius-bottom-left:0px;--awb-flex-wrap:wrap;\" ><div class=\"fusion-builder-row fusion-row\"><div class=\"fusion-layout-column fusion_builder_column fusion-builder-column-1 fusion_builder_column_1_1 1_1 fusion-one-full fusion-column-first fusion-column-last fusion-column-no-min-height\" style=\"--awb-bg-size:cover;--awb-margin-bottom:0px;\"><div class=\"fusion-column-wrapper fusion-flex-column-wrapper-legacy\"><div class=\"fusion-title title fusion-title-1 fusion-title-center fusion-title-text fusion-title-size-two\"><div class=\"title-sep-container title-sep-container-left\"><div class=\"title-sep sep- sep-solid\" style=\"border-color:#e0dede;\"><\/div><\/div><span class=\"awb-title-spacer\"><\/span><h2 class=\"fusion-title-heading title-heading-center fusion-responsive-typography-calculated\" style=\"margin:0;--fontSize:24;--minFontSize:24;line-height:1.5;\"><p style=\"text-align: left;\"><span class=\"tlid-translation translation\"><span class=\"\" title=\"\">Votre contact avec l&rsquo;\u00e9quipe G-FITTINGS<\/span><\/span><\/p><\/h2><span class=\"awb-title-spacer\"><\/span><div class=\"title-sep-container title-sep-container-right\"><div class=\"title-sep sep- sep-solid\" style=\"border-color:#e0dede;\"><\/div><\/div><\/div><div class=\"fusion-text fusion-text-2\"><p style=\"text-align: center;\">Les produits et solutions G-FITTINGS sont venus dans le monde entier. \u00c0 travers plus de 60 partenaires commerciaux, nous vous fournissons des conseils et des solutions sp\u00e9cialis\u00e9s.<\/p>\n<p style=\"text-align: center;\"><strong>Vous avez des questions \u00e0 propos d\u2019une commande?<\/strong> Donnez-nous votre num\u00e9ro de commande, nous serons ravis de vous aider.<\/p>\n<\/div><div class=\"fusion-clearfix\"><\/div><\/div><\/div><div class=\"fusion-layout-column fusion_builder_column fusion-builder-column-2 fusion_builder_column_1_1 1_1 fusion-one-full fusion-column-first fusion-column-last fusion-column-no-min-height\" style=\"--awb-padding-top:20px;--awb-padding-bottom:20px;--awb-bg-color:#ededed;--awb-bg-color-hover:#ededed;--awb-bg-size:cover;\"><div class=\"fusion-column-wrapper fusion-flex-column-wrapper-legacy\"><div class=\"fusion-text fusion-text-3\"><h4 style=\"text-align: center;\">Conseil personnalis\u00e9<\/h4>\n<h2 style=\"text-align: center;\">+49 (0)2822 962 0<\/h2>\n<p style=\"text-align: center;\">Lundi &#8211; Vendredi 08:00 &#8211; 16:30<\/p>\n<\/div><div class=\"fusion-clearfix\"><\/div><\/div><\/div><\/div><\/div><div class=\"fusion-fullwidth fullwidth-box fusion-builder-row-3 nonhundred-percent-fullwidth non-hundred-percent-height-scrolling\" style=\"--awb-border-radius-top-left:0px;--awb-border-radius-top-right:0px;--awb-border-radius-bottom-right:0px;--awb-border-radius-bottom-left:0px;--awb-padding-top:20px;--awb-flex-wrap:wrap;\" ><div class=\"fusion-builder-row fusion-row\"><div class=\"fusion-layout-column fusion_builder_column fusion-builder-column-3 fusion_builder_column_1_3 1_3 fusion-one-third fusion-column-first\" style=\"--awb-bg-size:cover;width:33.333333333333%;width:calc(33.333333333333% - ( ( 4% + 4% ) * 0.33333333333333 ) );margin-right: 4%;\"><div class=\"fusion-column-wrapper fusion-flex-column-wrapper-legacy\"><div class=\"fusion-text fusion-text-4\"><h3>Allemagne<\/h3>\n<p>Marie-Curie-Stra\u00dfe 16-18<br \/>\n46446 Emmerich am Rhein<br \/>\nT +49 (0)2822 962 0<br \/>\nF +49 (0)2822 962 221<br \/>\nE <a title=\"sales@co.g-fittings.com\" href=\"sales@co.g-fittings.com\">sales@co.g-fittings.com<\/a><\/p>\n<h3>Heures d&rsquo;ouverture<\/h3>\n<div>\n<table width=\"100%\">\n<tbody>\n<tr>\n<td align=\"left\">Lundi<\/td>\n<td align=\"right\">8:00 &#8211; 16:30<\/td>\n<\/tr>\n<tr>\n<td align=\"left\">Mardi<\/td>\n<td align=\"right\">8:00 &#8211; 16:30<\/td>\n<\/tr>\n<tr>\n<td align=\"left\">Mercredi<\/td>\n<td align=\"right\">8:00 &#8211; 16:30<\/td>\n<\/tr>\n<tr>\n<td align=\"left\">Jeudi<\/td>\n<td align=\"right\">8:00 &#8211; 16:30<\/td>\n<\/tr>\n<tr>\n<td align=\"left\">Vendredi<\/td>\n<td align=\"right\">8:00 &#8211; 16:30<\/td>\n<\/tr>\n<\/tbody>\n<\/table>\n<\/div>\n<\/div><div class=\"fusion-clearfix\"><\/div><\/div><\/div><div class=\"fusion-layout-column fusion_builder_column fusion-builder-column-4 fusion_builder_column_1_3 1_3 fusion-one-third\" style=\"--awb-bg-size:cover;width:33.333333333333%;width:calc(33.333333333333% - ( ( 4% + 4% ) * 0.33333333333333 ) );margin-right: 4%;\"><div class=\"fusion-column-wrapper fusion-flex-column-wrapper-legacy\"><div class=\"fusion-text fusion-text-5\"><h3>Austria<\/h3>\n<p><strong>T<\/strong> +43 (0)2236 66 04 55 500<br \/>\n<strong>E<\/strong> <a href=\"sales@g-fittings.at\">sales@g-fittings.at<\/a><\/p>\n<h3>Nederland<\/h3>\n<p><strong>T<\/strong> +31 (0)314 62 09 83<br \/>\n<strong>E<\/strong> <a href=\"sales@g-fittings.nl\">sales@g-fittings.nl<\/a><\/p>\n<h3>Belgi\u00eb<\/h3>\n<p><strong>T<\/strong> +32 (0)2 808 93 34<br \/>\n<strong>E<\/strong> <a href=\"sales@g-fittings.be\">sales@g-fittings.be<\/a><\/p>\n<\/div><div class=\"fusion-clearfix\"><\/div><\/div><\/div><div class=\"fusion-layout-column fusion_builder_column fusion-builder-column-5 fusion_builder_column_1_3 1_3 fusion-one-third fusion-column-last\" style=\"--awb-bg-size:cover;width:33.333333333333%;width:calc(33.333333333333% - ( ( 4% + 4% ) * 0.33333333333333 ) );\"><div class=\"fusion-column-wrapper fusion-flex-column-wrapper-legacy\"><div class=\"fusion-text fusion-text-6\"><h3>United Kingdom<\/h3>\n<p><strong>T<\/strong> +44 (0)1782 491 030<br \/>\n<strong>E<\/strong> <a href=\"sales@g-fittings.co.uk\">sales@g-fittings.co.uk<\/a><\/p>\n<h3>France<\/h3>\n<p><strong>T<\/strong> +33 (0)3 88 55 31 11<br \/>\n<strong>E<\/strong> <a href=\"sales@g-fittings.fr\">sales@g-fittings.fr<\/a><\/p>\n<h3>Espa\u00f1a<\/h3>\n<p><strong>T<\/strong> +34 (0)931 761 052<br \/>\n<strong>E<\/strong> <a href=\"mailto:sales@g-fittings.es\">sales@g-fittings.es<\/a><\/p>\n<\/div><div class=\"fusion-clearfix\"><\/div><\/div><\/div><\/div><div class=\"fusion-builder-row fusion-row\"><\/div><\/div><\/p>\n","protected":false},"excerpt":{"rendered":"","protected":false},"author":1,"featured_media":0,"parent":0,"menu_order":0,"comment_status":"open","ping_status":"open","template":"100-width.php","meta":{"footnotes":""},"class_list":["post-13588","page","type-page","status-publish","hentry"],"_links":{"self":[{"href":"https:\/\/co.g-fittings.shop\/fr\/wp-json\/wp\/v2\/pages\/13588","targetHints":{"allow":["GET"]}}],"collection":[{"href":"https:\/\/co.g-fittings.shop\/fr\/wp-json\/wp\/v2\/pages"}],"about":[{"href":"https:\/\/co.g-fittings.shop\/fr\/wp-json\/wp\/v2\/types\/page"}],"author":[{"embeddable":true,"href":"https:\/\/co.g-fittings.shop\/fr\/wp-json\/wp\/v2\/users\/1"}],"replies":[{"embeddable":true,"href":"https:\/\/co.g-fittings.shop\/fr\/wp-json\/wp\/v2\/comments?post=13588"}],"version-history":[{"count":1,"href":"https:\/\/co.g-fittings.shop\/fr\/wp-json\/wp\/v2\/pages\/13588\/revisions"}],"predecessor-version":[{"id":13589,"href":"https:\/\/co.g-fittings.shop\/fr\/wp-json\/wp\/v2\/pages\/13588\/revisions\/13589"}],"wp:attachment":[{"href":"https:\/\/co.g-fittings.shop\/fr\/wp-json\/wp\/v2\/media?parent=13588"}],"curies":[{"name":"wp","href":"https:\/\/api.w.org\/{rel}","templated":true}]}}