{"id":13284,"date":"2019-01-21T12:45:18","date_gmt":"2019-01-21T11:45:18","guid":{"rendered":"http:\/\/dev.g-fittings.com\/?page_id=13284"},"modified":"2019-01-30T08:53:42","modified_gmt":"2019-01-30T07:53:42","slug":"telechargements","status":"publish","type":"page","link":"https:\/\/co.g-fittings.shop\/fr\/telechargements\/","title":{"rendered":"T\u00e9l\u00e9chargements"},"content":{"rendered":"<p><div class=\"fusion-fullwidth fullwidth-box fusion-builder-row-1 nonhundred-percent-fullwidth non-hundred-percent-height-scrolling\" style=\"--awb-border-radius-top-left:0px;--awb-border-radius-top-right:0px;--awb-border-radius-bottom-right:0px;--awb-border-radius-bottom-left:0px;--awb-flex-wrap:wrap;\" ><div class=\"fusion-builder-row fusion-row\"><div class=\"fusion-layout-column fusion_builder_column fusion-builder-column-0 fusion_builder_column_1_1 1_1 fusion-one-full fusion-column-first fusion-column-last\" style=\"--awb-bg-size:cover;\"><div class=\"fusion-column-wrapper fusion-flex-column-wrapper-legacy\"><div class=\"fusion-title title fusion-title-1 fusion-title-text fusion-title-size-two\"><h2 class=\"fusion-title-heading title-heading-left fusion-responsive-typography-calculated\" style=\"margin:0;--fontSize:24;--minFontSize:24;line-height:1.5;\">T\u00e9l\u00e9chargements<\/h2><span class=\"awb-title-spacer\"><\/span><div class=\"title-sep-container\"><div class=\"title-sep sep- sep-solid\" style=\"border-color:#e0dede;\"><\/div><\/div><\/div><div class=\"fusion-text fusion-text-1\"><p>En plus des catalogues et brochures actuels, notre centre de t\u00e9l\u00e9chargement G-FITTINGS contient \u00e9galement du mat\u00e9riel photographique haute r\u00e9solution, des certificats et bien plus encore. Si vous ne trouvez pas quelque chose, n\u2019h\u00e9sitez pas \u00e0 nous contacter.<\/p>\n<p>Pour visionner les fichiers PDF, vous devez avoir install\u00e9 <a href=\"https:\/\/get.adobe.com\/reader\/\">Adobe Reader.<\/a><\/p>\n<p>Si vous avez des questions, n&rsquo;h\u00e9sitez pas \u00e0 nous contacter.<\/p>\n<\/div><div class=\"fusion-clearfix\"><\/div><\/div><\/div><\/div><\/div><div class=\"fusion-fullwidth fullwidth-box fusion-builder-row-2 nonhundred-percent-fullwidth non-hundred-percent-height-scrolling\" style=\"--awb-border-radius-top-left:0px;--awb-border-radius-top-right:0px;--awb-border-radius-bottom-right:0px;--awb-border-radius-bottom-left:0px;--awb-padding-top:10px;--awb-flex-wrap:wrap;\" ><div class=\"fusion-builder-row fusion-row\"><div class=\"fusion-layout-column fusion_builder_column fusion-builder-column-1 fusion_builder_column_1_1 1_1 fusion-one-full fusion-column-first fusion-column-last\" style=\"--awb-bg-size:cover;\"><div class=\"fusion-column-wrapper fusion-flex-column-wrapper-legacy\"><div class=\"fusion-content-boxes content-boxes columns row fusion-columns-3 fusion-columns-total-3 fusion-content-boxes-1 content-boxes-icon-on-top content-left\" style=\"--awb-hover-accent-color:#e10707;--awb-circle-hover-accent-color:#e10707;\" data-animationOffset=\"top-into-view\"><div style=\"--awb-backgroundcolor:#f2f2f2;\" class=\"fusion-column content-box-column content-box-column content-box-column-1 col-lg-4 col-md-4 col-sm-4 fusion-content-box-hover content-box-column-first-in-row\"><div class=\"col content-box-wrapper content-wrapper-background link-area-box link-type-text icon-hover-animation-slide\" data-link=\"\/fr\/service\/telechargements\/catalogues-et-brochures\/\" data-link-target=\"_self\" data-animationOffset=\"top-into-view\"><div class=\"heading heading-with-icon icon-left\"><a class=\"heading-link\" href=\"\/fr\/service\/telechargements\/catalogues-et-brochures\/\" target=\"_self\"><div class=\"icon\"><i style=\"border-color:#ff0000;border-width:1px;background-color:#ff0000;box-sizing:content-box;height:42px;width:42px;line-height:42px;border-radius:50%;font-size:21px;\" aria-hidden=\"true\" class=\"fontawesome-icon fa-book fas circle-yes fa-flip-vertical\"><\/i><\/div><h3 class=\"content-box-heading fusion-responsive-typography-calculated\" style=\"--h3_typography-font-size:18px;--fontSize:18;line-height:1.41;\">Catalogs &amp; Brochures<\/h3><\/a><\/div><\/div><\/div><div style=\"--awb-backgroundcolor:#f2f2f2;\" class=\"fusion-column content-box-column content-box-column content-box-column-2 col-lg-4 col-md-4 col-sm-4 fusion-content-box-hover \"><div class=\"col content-box-wrapper content-wrapper-background link-area-box link-type-text icon-hover-animation-slide\" data-link=\"\/fr\/service\/telechargements\/presse\/\" data-link-target=\"_self\" data-animationOffset=\"top-into-view\"><div class=\"heading heading-with-icon icon-left\"><a class=\"heading-link\" href=\"\/fr\/service\/telechargements\/presse\/\" target=\"_self\"><div class=\"icon\"><i style=\"border-color:#ff0000;border-width:1px;background-color:#ff0000;box-sizing:content-box;height:42px;width:42px;line-height:42px;border-radius:50%;font-size:21px;\" aria-hidden=\"true\" class=\"fontawesome-icon fa-newspaper far circle-yes fa-flip-vertical\"><\/i><\/div><h3 class=\"content-box-heading fusion-responsive-typography-calculated\" style=\"--h3_typography-font-size:18px;--fontSize:18;line-height:1.41;\">Press<\/h3><\/a><\/div><\/div><\/div><div style=\"--awb-backgroundcolor:#f2f2f2;\" class=\"fusion-column content-box-column content-box-column content-box-column-3 col-lg-4 col-md-4 col-sm-4 fusion-content-box-hover content-box-column-last content-box-column-last-in-row\"><div class=\"col content-box-wrapper content-wrapper-background link-area-box link-type-text icon-hover-animation-slide\" data-link=\"\/fr\/service\/demander-des-catalogues-et-des-brochures\/\" data-link-target=\"_self\" data-animationOffset=\"top-into-view\"><div class=\"heading heading-with-icon icon-left\"><a class=\"heading-link\" href=\"\/fr\/service\/demander-des-catalogues-et-des-brochures\/\" target=\"_self\"><div class=\"icon\"><i style=\"border-color:#ff0000;border-width:1px;background-color:#ff0000;box-sizing:content-box;height:42px;width:42px;line-height:42px;border-radius:50%;font-size:21px;\" aria-hidden=\"true\" class=\"fontawesome-icon fa-wpforms fab circle-yes fa-flip-vertical\"><\/i><\/div><h3 class=\"content-box-heading fusion-responsive-typography-calculated\" style=\"--h3_typography-font-size:18px;--fontSize:18;line-height:1.41;\">Request catalogs &amp; brochures<\/h3><\/a><\/div><\/div><\/div><div class=\"fusion-clearfix\"><\/div><\/div><div class=\"fusion-clearfix\"><\/div><\/div><\/div><\/div><\/div><\/p>\n","protected":false},"excerpt":{"rendered":"","protected":false},"author":1,"featured_media":0,"parent":0,"menu_order":0,"comment_status":"closed","ping_status":"closed","template":"","meta":{"footnotes":""},"class_list":["post-13284","page","type-page","status-publish","hentry"],"_links":{"self":[{"href":"https:\/\/co.g-fittings.shop\/fr\/wp-json\/wp\/v2\/pages\/13284","targetHints":{"allow":["GET"]}}],"collection":[{"href":"https:\/\/co.g-fittings.shop\/fr\/wp-json\/wp\/v2\/pages"}],"about":[{"href":"https:\/\/co.g-fittings.shop\/fr\/wp-json\/wp\/v2\/types\/page"}],"author":[{"embeddable":true,"href":"https:\/\/co.g-fittings.shop\/fr\/wp-json\/wp\/v2\/users\/1"}],"replies":[{"embeddable":true,"href":"https:\/\/co.g-fittings.shop\/fr\/wp-json\/wp\/v2\/comments?post=13284"}],"version-history":[{"count":2,"href":"https:\/\/co.g-fittings.shop\/fr\/wp-json\/wp\/v2\/pages\/13284\/revisions"}],"predecessor-version":[{"id":14119,"href":"https:\/\/co.g-fittings.shop\/fr\/wp-json\/wp\/v2\/pages\/13284\/revisions\/14119"}],"wp:attachment":[{"href":"https:\/\/co.g-fittings.shop\/fr\/wp-json\/wp\/v2\/media?parent=13284"}],"curies":[{"name":"wp","href":"https:\/\/api.w.org\/{rel}","templated":true}]}}