{"id":13887,"date":"2019-01-25T13:29:05","date_gmt":"2019-01-25T12:29:05","guid":{"rendered":"http:\/\/dev.g-fittings.com\/?page_id=13887"},"modified":"2019-01-25T13:29:06","modified_gmt":"2019-01-25T12:29:06","slug":"condiciones-generales-de-venta-y-suministro","status":"publish","type":"page","link":"https:\/\/co.g-fittings.shop\/es\/condiciones-generales-de-venta-y-suministro\/","title":{"rendered":"Condiciones generales de venta y suministro"},"content":{"rendered":"<div class=\"fusion-fullwidth fullwidth-box fusion-builder-row-1 nonhundred-percent-fullwidth non-hundred-percent-height-scrolling\" style=\"--awb-border-radius-top-left:0px;--awb-border-radius-top-right:0px;--awb-border-radius-bottom-right:0px;--awb-border-radius-bottom-left:0px;--awb-flex-wrap:wrap;\" ><div class=\"fusion-builder-row fusion-row\"><div class=\"fusion-layout-column fusion_builder_column fusion-builder-column-0 fusion_builder_column_1_1 1_1 fusion-one-full fusion-column-first fusion-column-last\" style=\"--awb-bg-size:cover;\"><div class=\"fusion-column-wrapper fusion-flex-column-wrapper-legacy\"><div class=\"fusion-title title fusion-title-1 fusion-title-text fusion-title-size-two\"><h2 class=\"fusion-title-heading title-heading-left fusion-responsive-typography-calculated\" style=\"margin:0;--fontSize:24;--minFontSize:24;line-height:1.5;\">Condiciones generales de venta y suministro<\/h2><span class=\"awb-title-spacer\"><\/span><div class=\"title-sep-container\"><div class=\"title-sep sep- sep-solid\" style=\"border-color:#e0dede;\"><\/div><\/div><\/div><div class=\"fusion-text fusion-text-1\"><p><strong>\u00a71 Generalidades<\/strong><br \/>\n1.1 Las ventas y suministros a efectuar por Q-RAILING EUROPE HOLDING GMBH, SUCURSAL EN ESPA\u00d1A (en adelante, el \u201cVendedor\u201d) se regir\u00e1n exclusivamente por las presentes Condiciones Generales de Venta y Suministro (en adelante, las \u201cCondiciones Generales\u201d), excepto en todo aquello que est\u00e9 expresamente acordado de forma distinta y por escrito con el Vendedor. Las condiciones particulares, en su caso, prevalecer\u00e1n sobre estas Condiciones Generales \u00fanicamente en el supuesto de revestir forma escrita y estar suscritas por todas las partes contratantes. En todo caso, se mantendr\u00e1n como v\u00e1lida y eficaz, la parte de estas Condiciones Generales que no haya sido derogada o superada por una condici\u00f3n particular. El Vendedor se reserva el derecho de modificar, en cualquier momento, las presentes Condiciones Generales de Venta y Suministro. Por ello, se recomienda al Usuario\/Comprador que lea atentamente el contenido de las condiciones generales cada vez que acceda nuestra p\u00e1gina web. En cualquier caso, la aceptaci\u00f3n de las condiciones ser\u00e1 un paso previo e indispensable a la adquisici\u00f3n de cualquier producto disponible a trav\u00e9s de la p\u00e1gina web.<\/p>\n<p><strong>\u00a72 Oferta y formalizaci\u00f3n de pedidos.<\/strong><br \/>\n2.1 Las ofertas del Vendedor no tienen car\u00e1cter vinculante.<br \/>\n2.2 Para que un pedido se considere aceptado y efectivo, el Comprador tiene que recibir por parte del Vendedor una confirmaci\u00f3n expresa y por escrito, en el que se determinar\u00e1 el alcance del pedido. Cualquier variaci\u00f3n del alcance del pedido y\/o ampliaci\u00f3n del mismo, cualquier oferta, compromiso, aclaraci\u00f3n sobre el alcance de las Condiciones Generales o acuerdo adicional realizado por el Vendedor, o cualquiera de sus empleados, ser\u00e1 \u00fanicamente v\u00e1lido con la confirmaci\u00f3n expresa y por escrito del Vendedor.<br \/>\n2.3 Los modelos, ilustraciones, dibujos, c\u00e1lculos, descripciones, indicaciones de medidas, pesos, dimensiones, especificaciones t\u00e9cnicas as\u00ed como cualquier otro tipo de informaci\u00f3n de los productos del Vendedor incluidos en cat\u00e1logos, folletos, prospectos, literatura t\u00e9cnica y dem\u00e1s documentaci\u00f3n tienen car\u00e1cter orientativo y no vinculante.<br \/>\n2.4 La documentaci\u00f3n relacionada en el punto 2 anterior entregada al Comprador pertenece al Vendedor, por lo que \u00e9ste se reserva la titularidad decualquier derecho de propiedad intelectual y\/o industrial que pudiera derivarse de la referida documentaci\u00f3n. En consecuencia, queda expresamente prohibida la copia, reproducci\u00f3n, modificaci\u00f3n o distribuci\u00f3n total o parcial de la documentaci\u00f3n y\/o contenidos, en cualquier medio o soporte, la cesi\u00f3n de uso a favor de terceros de esta documentaci\u00f3n por el Comprador o su utilizaci\u00f3n para otros fines que no sean relativos al cumplimiento del pedido.<\/p>\n<p><strong>\u00a73 Precios.<\/strong><br \/>\n3.1 Los precios aplicables al Comprador ser\u00e1n aquellos vigentes en el momento en que \u00e9ste realice el pedido y contenidos en el presupuesto enviado por el Vendedor, sin perjuicio de lo indicado en el punto 3 del presente art\u00edculo. Los precios se expresan, en euros, y sin incluir el impuesto sobre el valor a\u00f1adido (IVA) ni ning\u00fan impuesto o tasa, que ser\u00e1n repercutidos posteriormente en la factura a los tipos correspondientes. Asimismo, los precios tampoco incluyen los portes, seguros ni otros gastos de transporte o env\u00edo. En su caso, los gastos de transporte se facturar\u00e1n a parte. En los supuestos en los que el suministro sea a portes pagados, el Comprador abonar\u00e1 al Vendedor los portes por adelantado, as\u00ed como todos los posibles gastos adicionales que se incurran. El Comprador tendr\u00e1 derecho a deducirse los gastos adelantados del importe de la factura. Las indicaciones relativas a los gastos de flete son orientativas y no vinculantes, por lo que cualquier cambio en los mismos hasta el momento de producirse el env\u00edo ser\u00e1 asumido por el Comprador.<br \/>\n3.2 Cualquier material de embalaje entregado por el Vendedor ser\u00e1 considerado no recuperable y, por tanto, pasar\u00e1 a ser propiedad del Comprador. As\u00ed mismo, no se admitir\u00e1 la devoluci\u00f3n de los embalajes. En este sentido, el Vendedor no es responsable de retirar el embalaje. Seg\u00fan la Ley 11\/1997, de 24 de abril, sobre Envases y Residuos de Envases y el Real Decreto 782\/98, de 30 de abril, en el que se aprueba el Reglamento para el desarrollo de la Ley anterior, como receptor final del embalaje, es responsabilidad del Comprador dar el tratamiento ambiental m\u00e1s adecuado al mismo (valoraci\u00f3n, reutilizaci\u00f3n o reciclado).<br \/>\n3.3 El Vendedor se reserva el derecho de hacer los ajustes correspondientes sobre el precio, incluso si los mismos constan en una confirmaci\u00f3n de pedido, cuando en el plazo m\u00e1ximo de dos (2) meses entre la formalizaci\u00f3n del contrato correspondiente y el env\u00edo de los productos, se produzcan modificaciones sobre los factores tenidos en cuenta para la determinaci\u00f3n del precio, entre los que se encuentran, los incrementos en los precios de los materiales y materias primas, las modificaciones en los tipos de cambio de monedas extranjeras, los aumentos salariales y de costes no salariales o cualesquiera otros costes que tengan reflejo directo sobre el precio de venta.<\/p>\n<p><strong>\u00a74 Condiciones de pago. <\/strong><br \/>\n4.1 El pago se efectuar\u00e1 en el plazo de treinta (30) d\u00edas naturales tras la fecha de la factura, en las condiciones de pago acordadas entre las partes. Cualquier ampliaci\u00f3n en el plazo de pago no podr\u00e1 superar los plazos establecidos en la Ley 15\/2010, de 5 de julio, de modificaci\u00f3n de la Ley 3\/2004, de 29 de diciembre por la que se establecen medidas de lucha contra la morosidad en las operaciones comerciales. Salvo pacto en contrario, el pago se realizar\u00e1 sin ninguna deducci\u00f3n ni cargo alguno. Cuando el Vendedor haya concedido alg\u00fan tipo de descuento en virtud de un acuerdo expreso por escrito, la reducci\u00f3n correspondiente se realizar\u00e1 sobre el importe neto de la factura, una vez deducidos, en su caso, los descuentos, gastos de transporte y otros gastos relativos.<br \/>\n4.2 En caso de retraso en el pago por parte del Comprador, \u00e9ste tendr\u00e1 que pagar al Vendedor, sin requerimiento alguno, y a partir de la fecha de vencimiento del pago, los intereses de demora del pago retrasado, que se calcular\u00e1n sumando 3 puntos porcentuales al tipo de inter\u00e9s anual aplicado por el Banco Central Europeo, sin perjuicio del derecho del Vendedor de realizar las correspondientes reclamaciones posteriores. Sin embargo, el Comprador tendr\u00e1 derecho a demostrar que la demora en el pago no ha causado ning\u00fan da\u00f1o o bien ha causado un da\u00f1o considerablemente inferior.<br \/>\n4.3 El Vendedor no est\u00e1 obligado a aceptar letras de cambio o cheques como instrumentos de pago, salvo por razones de cumplimiento contractual y mediante pacto expreso de forma escrita y aceptado por el Vendedor. No obstante, cuando el Vendedor acepte las letras de cambio como medio de pago, el Comprador correr\u00e1 con todos los gastos derivados, tales como los gastos de retirada, descuento y tasas correspondientes. Los pagos efectuados con letras de cambio o cheques no ser\u00e1n considerados realizados hasta que el contravalor haya sido efectivamente abonado a la cuenta bancaria del Vendedor.<br \/>\n4.4 En caso de que exista retraso en el pago el Vendedor, sin perjuicio de los dem\u00e1s derechos que le asisten, tendr\u00e1 derecho a exigir al Comprador las garant\u00edas oportunas o la realizaci\u00f3n de pagos por adelantado para los pedidos pendientes, as\u00ed como a declarar el vencimiento inmediato de todas las obligaciones pendientes de la relaci\u00f3n contractual entre las partes, sin que ello tenga como consecuencia la extinci\u00f3n del contrato.<br \/>\n4.5 En caso de que el Vendedor tenga deudas con el Comprador, este \u00faltimo no tendr\u00e1 derecho a retener o compensar sus propias deudas con las deudas del Vendedor, salvo que la deuda del Vendedor sea declarada por Sentencia firme.<\/p>\n<p><strong>\u00a75 Entrega y cumplimiento. <\/strong><br \/>\n5.1 El plazo de entrega y de cumplimiento se computar\u00e1 a partir de la fecha del env\u00edo de la confirmaci\u00f3n del pedido por el Vendedor. Sin perjuicio de lo anterior, el plazo para la entrega no comenzar\u00e1 a transcurrir antes de que el Comprador haya obtenido todos los permisos necesarios, haya aclarado todos los puntos t\u00e9cnicos relacionados con el producto pedido, haya cumplido con sus obligaciones legales y contractuales y haya facilitado la informaci\u00f3n necesaria al Vendedor para la ejecuci\u00f3n de sus obligaciones.<br \/>\n5.2 Los plazos de entrega y de cumplimiento ser\u00e1n ampliados cuando se produzcan retrasos por causas no imputables al Vendedor, a pesar de haber actuado con la diligencia exigible. De forma ilustrativa, pero no limitativa, se incluyen las siguientes causas de retraso: guerras, disturbios, cat\u00e1strofes naturales, huelgas, cierre de patronal y otras causas contenidas en el marco de conflictos laborales, fallos en los suministros de terceros, as\u00ed como las causas de fuerza mayor contempladas en la legislaci\u00f3n vigente. Asimismo, el plazo de entrega tambi\u00e9n se ampliar\u00e1 cuando el Comprador requiera modificaciones en el pedido, que sean aceptadas por el Vendedor y que, a juicio razonable del Vendedor, requieran una extensi\u00f3n del plazo correspondiente.<br \/>\n5.3 El cumplimiento de las obligaciones de entrega por parte del Vendedor est\u00e1 supeditado al cumplimiento puntual y correcto de las obligaciones por parte del Comprador. Cuando el Comprador rechace la entrega del producto o la prestaci\u00f3n de un servicio en el plazo acordado, el Vendedor tendr\u00e1 derecho a fijar un nuevo plazo adecuado para la realizaci\u00f3n de la entrega \u00f3 prestaci\u00f3n del servicio. Si el Comprador rechaza la entrega dentro de este nuevo plazo, el Vendedor podr\u00e1 resolver el contrato y solicitar una indemnizaci\u00f3n por da\u00f1os y perjuicios por incumplimiento contractual, incluyendo todos los gastos adicionales incurridos. En este caso, el riesgo de p\u00e9rdida o deterioro del producto se traslada al Comprador desde que se produzca la demora en la aceptaci\u00f3n.<br \/>\n5.4 El Vendedor se reserva el derecho a efectuar entregas parciales de los productos pedidos o a prestaciones parciales y a facturar estas entregas y servicios parciales de forma separada previo acuerdo, por escrito, con el Comprador.<br \/>\n5.5 El Vendedor podr\u00e1 suspender la entrega de un producto cuando el Comprador haya incumplido alguna de las obligaciones contractuales del pedido, en especial la que se refiere a pagos.<br \/>\n5.6 En caso de sobrepasarse un plazo de entrega del producto directamente imputable al Vendedor, \u00e9ste no incurrir\u00e1 en mora hasta que se fije un nuevo plazo de entrega y el Vendedor se retrase respecto a este nuevo plazo. Si el Vendedor sobrepasa este nuevo plazo, y el Comprador fija un nuevo plazo razonable de entrega, \u00e9ste \u00faltimo podr\u00e1 resolver el contrato cuando hubiera advertido al Vendedor de que el incumplimiento de este \u00faltimo plazo provocar\u00eda un rechazo del pedido y transcurrido el mismo no se produce la entrega. El Comprador tendr\u00e1 \u00fanicamente derecho a reclamar los da\u00f1os y perjuicios, efectivamente producidos, por incumplimiento contractual si la causa de los mismos es directamente imputable a la actuaci\u00f3n culposa o negligente grave por parte del Vendedor. En los dem\u00e1s supuestos la responsabilidad por da\u00f1os y perjuicios se limita al cincuenta (50%) por ciento del da\u00f1o producido.<br \/>\n5.7 El Vendedor no est\u00e1 obligado a restituir los productos entregados si por cualquier causa \u00e9stos han dejado de fabricarse, o hubieran sido retirados del cat\u00e1logo actual de productos.<br \/>\n5.8 Cuando exista demora en los plazos de entrega por causas imputables al Comprador, \u00e9ste asumir\u00e1 los gastos adicionales de transporte y almacenamiento derivados.<br \/>\n5.9<\/p>\n<p><strong>\u00a76 Transporte y traspaso del riesgo.<\/strong><br \/>\n6.1 El transporte, incluyendo las cargas y descargas, se realizar\u00e1 por cuenta y bajo riesgo del Comprador, as\u00ed como el seguro sobre los productos. A solicitud y por cuenta del Comprador, el Vendedor proceder\u00e1 a asegurar los productos contra los riesgos de da\u00f1os, incendio, inundaci\u00f3n o da\u00f1os acaecidos durante el transporte de los mismos.<br \/>\n6.2 El Vendedor tendr\u00e1 en cuenta, en la medida de lo posible, las indicaciones del Comprador en cuanto al transporte y el trayecto correspondiente, cuyos gastos generados ser\u00e1n, en todo caso, por cuenta del Comprador, aunque se hubiera acordado el suministro a portes pagados.<br \/>\n6.3 El riesgo por da\u00f1os, destrucci\u00f3n \u00f3 robo de los productos expedidos por el Vendedor pasar\u00e1n al Comprador una vez los productos salgan de los almacenes del Vendedor. Cuando el Comprador incurra en demora en la aceptaci\u00f3n de los productos el riesgo por p\u00e9rdida o deterioro de los mismos pasar\u00e1, desde ese momento, al Comprador.<\/p>\n<p><strong>\u00a77 Saneamiento y Garant\u00eda. <\/strong><br \/>\n7.1 La informaci\u00f3n, especificaci\u00f3n, datos, as\u00ed como el asesoramiento t\u00e9cnico facilitado por el Vendedor al Comprador, no eximir\u00e1n a \u00e9ste \u00faltimo de llevar a cabo las comprobaciones y las inspecciones oportunas sobre los productos entregados (en adelante, la \u201cMercanc\u00eda\u201d).<br \/>\n7.2 Una vez recibida la Mercanc\u00eda, el Comprador examinar\u00e1 inmediatamente la misma a los efectos de comprobar eventuales defectos. En caso contrario, la Mercanc\u00eda se considerar\u00e1 aceptada.<br \/>\n7.3 El Vendedor aceptar\u00e1 \u00fanicamente aquellas reclamaciones realizadas por escrito, adjuntando los comprobantes correspondientes, realizadas en el plazo de 8 d\u00edas tras la recepci\u00f3n de la Mercanc\u00eda, y en los supuestos de vicios ocultos desde que se tenga conocimiento de los mismos con un plazo m\u00e1ximo de 6 meses desde la recepci\u00f3n de la Mercanc\u00eda.<br \/>\n7.4 La garant\u00eda del Comprador se limita a la reparaci\u00f3n, sustituci\u00f3n de la Mercanc\u00eda defectuosa, o la rebaja en una cantidad proporcional del precio de la Mercanc\u00eda a juicio de peritos, sin perjuicio del derecho del Comprador a la acci\u00f3n de rescisi\u00f3n por vicios ocultos. En ning\u00fan caso el Vendedor admitir\u00e1 devoluciones de las Mercanc\u00edas reclamadas sin su consentimiento previo expreso..<br \/>\n7.5 En caso de no reparaci\u00f3n del defecto y\/o demora en los plazos fijados por culpa imputable al Vendedor, el Comprador podr\u00e1 optar entre la sustituci\u00f3n de la Mercanc\u00eda, desistir del contrato exigiendo el abono de los gastos en los que hubiera incurrido o exigir que se rebaje una cantidad proporcional del precio de la Mercanc\u00eda defectuosa. El Vendedor queda exonerado de sus obligaciones de garant\u00eda si el Comprador no cumple con las instrucciones de montaje, uso, de operaci\u00f3n o mantenimiento entregadas por el Vendedor, o si el Comprador usa la Mercanc\u00eda para otras utilidades diferentes a su uso normal o ha cambiado partes de la misma, o la ha manipulado.<\/p>\n<p><strong>\u00a78 Indemnizaci\u00f3n por da\u00f1os y perjuicios.<\/strong><br \/>\n8.1 La responsabilidad del Vendedor por las reclamaciones derivadas de da\u00f1os y perjuicios formuladas por el Comprador basadas en cualquier causa no exceder\u00e1 del valor indicado a dichos efectos en la correspondiente factura. Esto no aplicar\u00e1 en el supuesto en que medie culpa grave o dolo por parte del Vendedor, en cuyo caso la responsabilidad del Vendedor ser\u00e1 ilimitada.<\/p>\n<p><strong>\u00a79 Reserva de Dominio. <\/strong><br \/>\n9.1 Las Mercanc\u00edas entregadas se suministran bajo reserva de dominio a favor del Vendedor hasta el total cumplimiento de las obligaciones de pago por el Comprador, incluyendo intereses y otros gastos derivados de las relaciones comerciales con el Comprador.<br \/>\n9.2 El Comprador est\u00e1 autorizado para disponer de las Mercanc\u00edas sujetas a la reserva de dominio en el curso ordinario de sus negocios.<br \/>\n9.3 La reserva de dominio tambi\u00e9n se extender\u00e1 a los productos resultantes de la transformaci\u00f3n o mejora de la Mercanc\u00eda, de manera que el Vendedor mantendr\u00e1 la propiedad sobre los mismos. En el supuesto de uni\u00f3n o accesi\u00f3n de las Mercanc\u00edas bajo reserva de dominio a productos de terceros, subsistir\u00e1 la reserva de dominio, deviniendo el Vendedor copropietario del nuevo producto en la proporci\u00f3n correspondiente al valor contable que tuvieran los productos objeto de reserva de dominio anteriormente a la accesi\u00f3n.<br \/>\n9.4 El Comprador cede al Vendedor todos los derechos y cr\u00e9ditos que le correspondan, frente a terceros, por la venta u otros negocios jur\u00eddicos sobre las Mercanc\u00edas objeto de reserva de dominio, incluyendo la proporci\u00f3n que le pudiera corresponder en la Mercanc\u00eda objeto de uni\u00f3n o accesi\u00f3n a otro producto detallado en el apartado 3 anterior.<br \/>\n9.5 El Comprador est\u00e1 obligado a notificar, inmediatamente, de forma fehaciente mediante carta certificada, al Vendedor, en caso de producirse una disposici\u00f3n de las Mercanc\u00edas sujetas a reserva de dominio a favor de tercero, y a facilitar informaci\u00f3n relativa a las obligaciones de pago correspondientes.<br \/>\n9.6 El ejercicio de la reserva de dominio sobre las Mercanc\u00edas afectadas no se entender\u00e1 como resoluci\u00f3n del contrato.<br \/>\n9.7 El Comprador no est\u00e1 autorizado a pignorar a favor de terceros ni a transmitir o ceder en garant\u00eda las Mercanc\u00edas suministradas o las obligaciones de pago hasta el total pago de las obligaciones\/reclamaciones del Vendedor.<br \/>\n9.8 Cuando el valor de la garant\u00eda exceda de las reclamaciones del Vendedor en m\u00e1s del 20%, a petici\u00f3n del Comprador, el Vendedor se compromete a desbloquear a su elecci\u00f3n las garant\u00edas que le correspondan hasta cubrir referido exceso.<\/p>\n<p><strong>\u00a710 Disposiciones finales.<\/strong><br \/>\n10.1 Las presentes Condiciones Generales se sujetan al derecho espa\u00f1ol.<br \/>\n10.2 El Vendedor y el Comprador si \u00e9ste \u00faltimo es comerciante, con expresa renuncia al fuero que les pudiera corresponder, acuerdan someter cualquier litigio que pudiera surgir respecto a la interpretaci\u00f3n y cumplimiento de las presentes Condiciones Generales, incluidas las posibles acciones cambiarias, a los Juzgados y Tribunales de Barcelona (Espa\u00f1a). Asimismo, el Vendedor se reserva el derecho a interponer una demanda contra el Comprador ante los Juzgados y Tribunales correspondientes al domicilio de este \u00faltimo. En caso de que una o varias de las disposiciones de las presentes Condiciones Generales de venta fuesen o deviniesen parcial o totalmente nulas, ello no afectar\u00e1 a la validez del resto de las Condiciones Generales<\/p>\n<p>G-FITTINGS GmbH<br \/>\nMarie-Curie-Str. 16-18,<br \/>\n46446 Emmerich am Rhein,<br \/>\nDeutschland<\/p>\n<\/div><div class=\"fusion-clearfix\"><\/div><\/div><\/div><\/div><\/div>\n","protected":false},"excerpt":{"rendered":"","protected":false},"author":1,"featured_media":0,"parent":0,"menu_order":0,"comment_status":"closed","ping_status":"closed","template":"","meta":{"footnotes":""},"class_list":["post-13887","page","type-page","status-publish","hentry"],"_links":{"self":[{"href":"https:\/\/co.g-fittings.shop\/es\/wp-json\/wp\/v2\/pages\/13887","targetHints":{"allow":["GET"]}}],"collection":[{"href":"https:\/\/co.g-fittings.shop\/es\/wp-json\/wp\/v2\/pages"}],"about":[{"href":"https:\/\/co.g-fittings.shop\/es\/wp-json\/wp\/v2\/types\/page"}],"author":[{"embeddable":true,"href":"https:\/\/co.g-fittings.shop\/es\/wp-json\/wp\/v2\/users\/1"}],"replies":[{"embeddable":true,"href":"https:\/\/co.g-fittings.shop\/es\/wp-json\/wp\/v2\/comments?post=13887"}],"version-history":[{"count":2,"href":"https:\/\/co.g-fittings.shop\/es\/wp-json\/wp\/v2\/pages\/13887\/revisions"}],"predecessor-version":[{"id":13889,"href":"https:\/\/co.g-fittings.shop\/es\/wp-json\/wp\/v2\/pages\/13887\/revisions\/13889"}],"wp:attachment":[{"href":"https:\/\/co.g-fittings.shop\/es\/wp-json\/wp\/v2\/media?parent=13887"}],"curies":[{"name":"wp","href":"https:\/\/api.w.org\/{rel}","templated":true}]}}